{"id":5,"date":"2019-06-18T11:47:14","date_gmt":"2019-06-18T08:47:14","guid":{"rendered":"http:\/\/hal9k.ru\/?page_id=5"},"modified":"2023-03-07T21:58:48","modified_gmt":"2023-03-07T18:58:48","slug":"hal9k-mod-v5-android-10-3","status":"publish","type":"page","link":"https:\/\/hal9k.ru\/?page_id=5&lang=de","title":{"rendered":"Hal9k Mod v5 Android 10"},"content":{"rendered":"\n<p>Hallo!<br>Ich freue mich, Dich auf meiner Seite begr\u00fc\u00dfen zu d\u00fcrfen. Vielen Dank f\u00fcr Dein Interesse an meinem Mod.<br>Danke, dass Du meinen Mod installiert hast und ich denke, dass er Dir gef\u00e4llt.<br>Wenn Du immer noch nicht wei\u00dft, worum es geht, dann findest Du den Mod <a href=\"https:\/\/forum.xda-developers.com\/t\/rom-px5-px6-px30-q-10-hal9k-mod-v5-for-mtcx-hctx-head-units-with-android-10-9-8-6.4314163\/\" target=\"_blank\" rel=\"noreferrer noopener\">hier<\/a>.<\/p>\n\n\n\n<p class=\"has-text-align-center\"><span style=\"color:seagreen\"><a href=\"https:\/\/forum.xda-developers.com\/t\/rom-px5-px6-px30-q-10-hal9k-mod-v5-for-mtcx-hctx-head-units-with-android-10-9-8-6.4314163\/\" target=\"_blank\" rel=\"noreferrer noopener\">OTA Update v5.2.0<\/a> ist derzeit verf\u00fcgbar.<\/span><\/p>\n\n\n\n<p>Die Basisversion vom Mod 5.0 ist f\u00fcr alle kostenlos. Es enth\u00e4lt \u00c4nderungen, die zum Zeitpunkt der Ver\u00f6ffentlichung vorgenommen wurden. Nach und nach werden \u00c4nderungen in den Mod integriert, die neue Funktionen hinzuf\u00fcgen und m\u00f6gliche Fehler korrigieren. Wenn Du mein Projekt unterst\u00fctzen und zeitnahe Online-Updates (OTA) erhalten m\u00f6chtest, dann kannst Du das hier tun. Auf die Weise erh\u00e4lst Du Updates f\u00fcr die aktuelle Version.<\/p>\n\n\n\n<p>Wenn Sie eine \u00e4ltere Version installiert haben (3 oder 4, Android 8 oder 9), m\u00fcssen Sie zuerst Android auf Version 10 aktualisieren. Dazu k\u00f6nnen Sie die Anwendung <a href=\"https:\/\/hal9k.ru\/?page_id=12\">ModInstaller Pro<\/a> verwenden. Dann k\u00f6nnen Sie Version 5.0 installieren und einen Code erwerben, um auf OTA-Updates zuzugreifen.<\/p>\n\n\n\n<p>Um dies zu tun, bezahle den angegebenen Betrag auf eine der folgenden Arten. Als Antwort innerhalb eines Tages schicke ich Dir ein gro\u00dfes Dankeschon und einen Zugangscode, der in den Mod-Einstellungen eingegeben werden muss. Der code wird weiterhin die ganze Zeit funktionieren, w\u00e4hrend ich updates f\u00fcr diese version des Mod mache. Der Code ist nur f\u00fcr die Headunit bestimmt, deren Seriennummer Sie beim Bezahlen angegeben haben. <a href=\"https:\/\/hal9k.ru\/?page_id=12\">ModInstaller Pro<\/a> ist ein eigenst\u00e4ndiges Produkt und muss separat erworben werden.<br>Wenn Sie bereits eine fr\u00fchere Version des Mod erworben haben, k\u00f6nnen  Sie einen Rabatt von 30% in Anspruch nehmen, um eine neue Version f\u00fcr <strong>dieselbe Seriennummer<\/strong> zu erwerben.<br>Wenn Sie die Vorg\u00e4ngerversion des Mod im Juli 2021 gekauft haben, k\u00f6nnen Sie den Code f\u00fcr die neue Version f\u00fcr <strong>dieselbe Seriennummer<\/strong> kostenlos erhalten.<\/p>\n\n\n\n<p>Kosten: <strong>850 Rubel<\/strong> (bei Zahlung in Rubel) oder <strong>16 Euro<\/strong> (600 Rubel oder 11 Euro mit einem Rabatt) oder den Gegenwert in einer anderen W\u00e4hrung. <strong>Wenn das Zahlungssystem seine Geb\u00fchr vom \u00dcberweisungsbetrag erhebt, erh\u00f6hen Sie den \u00dcberweisungsbetrag um den Geb\u00fchrenbetrag.<\/strong><\/p>\n\n\n\n<script> const product = \"Hal9k Mod v5 - OTA-Updates\"; <\/script>\n\n\n\n<br>\n<center><h5>Can I take advantage of the discount?<\/h5><\/center>\n<center><div style=\"display: inline-block\"><form id=\"ppform\"><fieldset>\n<input type=\"hidden\" name=\"item_name\" id=\"item_name\">\n<table>\n<tr><td><input type=\"hidden\" name=\"on1\" value=\"Processor type\">Processor type<\/td><\/tr><tr><td><select name=\"os1\" id=\"os1\">\n\t<option value=\"PX5\">PX5 <\/option>\n\t<option value=\"PX6\">PX6 <\/option>\n\t<option value=\"PX30\">PX30 <\/option>\n<\/select> <\/td><\/tr>\n<tr><td><input type=\"hidden\" name=\"on2\" value=\"Serial number\">Serial number<\/td><\/tr><tr><td><input type=\"text\" name=\"os2\" id=\"os2\" maxlength=\"16\" required pattern=\"[7CcDd][0-9A-Fa-f]{15}\" placeholder=\"7(C,D)XXXXXXXXXXXXXXX\"><\/td><\/tr>\n<input type=\"hidden\" name=\"os0\" id=\"os0\" value=\"30 %\">\n<tr><td><center><input type=\"submit\" value=\"Check\"><\/center><\/td><\/tr>\n<\/table>\n<\/fieldset><\/form><\/center>\n<script type=\"text\/javascript\" src=\"\/wp-content\/plugins\/hal9k-plugin\/check-discount.js?1\"><\/script>\n<br>\n\n\n\n<pre class=\"wp-block-preformatted\">Senden Sie mir auf jeden Fall eine Nachricht mit einer <a href=\"https:\/\/hal9k.ru\/?page_id=22&amp;lang=de\" data-type=\"page\" data-id=\"22\">dieser Methoden<\/a>. Es muss folgende Daten enthalten:\n  \u2022 Welches Produkt Sie kaufen m\u00f6chten (ModInstaller Pro oder OTA Updates)\n  \u2022 Ger\u00e4teprozessortyp (PX5, PX6, PX30)\n  \u2022 Seriennummer der Ger\u00e4te\n  \u2022 Die von Ihnen verwendete Zahlungsmethode\n  \u2022 Datum und Uhrzeit der Zahlung\n  \u2022 Zahlungsbetrag\n  \u2022 TxID, im Falle einer Zahlung in Kryptow\u00e4hrung\n  \u2022 Andere Zahlungsdaten, die dazu beitragen, sie zu identifizieren (zum Beispiel ein Screenshot)\n<strong>Schreiben Sie in die Kommentare zur Zahlung nur die Seriennummer und Ihre E-Mail.<\/strong><\/pre>\n\n\n\n<center><h3><h id=\"targets-txt\"><\/h>: payment methods<\/h3><\/center>\n<script> document.getElementById('targets-txt').innerText = product; <\/script>\n\n\n<p><center><\/p>\n<div style=\"display: inline-block\">\n\n<table id=\"tablepress-1\" class=\"tablepress tablepress-id-1 tbody-has-connected-cells\">\n<tbody>\n<tr class=\"row-1\">\n\t<td class=\"column-1\"><img decoding=\"async\" src=\"\/images\/bt-paypal.png\" width=\"40\"><\/td><td class=\"column-2\"><s>Paypal<\/s><\/td>\n<\/tr>\n<tr class=\"row-2\">\n\t<td class=\"column-1\"><a href=\"https:\/\/t.me\/wallet\" target=\"_blank\" rel=\"noopener noreferrer\"><img decoding=\"async\" src=\"\/images\/bt-tgwallet.png\" width=\"40\"><\/a><\/td><td class=\"column-2\">Telegram Wallet<\/td>\n<\/tr>\n<tr class=\"row-3\">\n\t<td class=\"column-1\"><a href=\"https:\/\/yoomoney.ru\/to\/410011217037568\" target=\"_blank\" rel=\"noopener noreferrer\"><img decoding=\"async\" src=\"\/images\/bt-yoomoney.png\" width=\"40\"><\/a><\/td><td class=\"column-2\">\u042eMoney<\/td>\n<\/tr>\n<tr class=\"row-4\">\n\t<td class=\"column-1\"><a href=\"http:\/\/wallet.advcash.com\" target=\"_blank\" rel=\"noopener noreferrer\"><img decoding=\"async\" src=\"\/images\/bt-advcash.svg\" width=\"40\"><\/a><\/td><td class=\"column-2\">Volet (Advanced Cash) \u043a\u043e\u0448\u0435\u043b\u0451\u043a:<br><strong>E978083579185<\/strong><\/td>\n<\/tr>\n<tr class=\"row-5\">\n\t<td class=\"column-1\"><a href=\"http:\/\/accounts.binance.com\" target=\"_blank\" rel=\"noopener noreferrer\"><img decoding=\"async\" src=\"\/images\/bt-binance.svg\" width=\"40\"><\/a><\/td><td class=\"column-2\">Binance Pay ID (\u043f\u0440\u0435\u0434\u043f\u043e\u0447\u0442\u0438\u0442\u0435\u043b\u044c\u043d\u043e \u0441\u0442\u0435\u0439\u0431\u043b\u043a\u043e\u0439\u043d\u044b):<br><strong>418747022<\/strong><\/td>\n<\/tr>\n<tr class=\"row-6\">\n\t<td class=\"column-1\"><img decoding=\"async\" src=\"\/images\/bt-bitcoin.svg\" width=\"40\"><\/td><td class=\"column-2\">Bitcoin \u043a\u043e\u0448\u0435\u043b\u0451\u043a:<br><sub><strong>1Cjw1ctzJQez7tV7hQD8BXLvMxKVLwFSvY<\/strong><\/sub><\/td>\n<\/tr>\n<tr class=\"row-7\">\n\t<td class=\"column-1\"><img decoding=\"async\" src=\"\/images\/bt-ethereum.svg\" width=\"40\"><\/td><td class=\"column-2\">Ethereum \u043a\u043e\u0448\u0435\u043b\u0451\u043a:<br><sub><strong>0x5832477cb51a5eed3b86af5ddc13209145136860<\/strong><\/sub><\/td>\n<\/tr>\n<tr class=\"row-8\">\n\t<td class=\"column-1\"><img decoding=\"async\" src=\"\/images\/bt-tetherus.png\" width=\"40\"><\/td><td class=\"column-2\">TetherUS (USDT BEP20) \u043a\u043e\u0448\u0435\u043b\u0451\u043a:<br><sub><strong>0x5832477cb51a5eed3b86af5ddc13209145136860<\/strong><\/sub><\/td>\n<\/tr>\n<tr class=\"row-9\">\n\t<td class=\"column-1\"><a href=\"http:\/\/www.webmoney.ru\" target=\"_blank\" rel=\"noopener noreferrer\"><img decoding=\"async\" src=\"\/images\/bt-webmoney.svg\" width=\"40\"<\/a><\/td><td class=\"column-2\">WebMoney \u043a\u043e\u0448\u0435\u043b\u0451\u043a:<br><strong>E157400928709<\/strong><br><strong>Z147730479874<\/strong><\/td>\n<\/tr>\n<tr class=\"row-10\">\n\t<td class=\"column-1\"><a href=\"http:\/\/online.sberbank.ru\" target=\"_blank\" rel=\"noopener noreferrer\"><img decoding=\"async\" src=\"\/images\/bt-sber.svg\" width=\"40\"><\/a><\/td><td class=\"column-2\">\u041a\u0430\u0440\u0442\u0430 Visa \u0421\u0431\u0435\u0440\u0431\u0430\u043d\u043a\u0430 (\u0440\u0430\u0431\u043e\u0442\u0430\u0435\u0442 \u0432 \u0420\u043e\u0441\u0441\u0438\u0438):<br><strong>4173980085583637<\/strong><\/td>\n<\/tr>\n<tr class=\"row-11\">\n\t<td class=\"column-1\"><a href=\"https:\/\/www.mtbank.by\/services\/internet-bank\/\" target=\"_blank\" rel=\"noopener noreferrer\"><img decoding=\"async\" src=\"\/images\/bt-mtbank.png\" width=\"50\"><\/a><\/td><td class=\"column-2\">\u041c\u0422\u0411\u0430\u043d\u043a Mastercard (\u0432\u044b\u043f\u0443\u0449\u0435\u043d\u0430 \u0432 \u0411\u0435\u043b\u043e\u0440\u0443\u0441\u0441\u0438\u0438, \u0440\u0430\u0431\u043e\u0442\u0430\u0435\u0442 \u0432 \u0434\u0440\u0443\u0433\u0438\u0445 \u0441\u0442\u0440\u0430\u043d\u0430\u0445):<br><strong>5548320015604564<\/strong><br \/>\n<strong>Aleksei Ivanovich<\/strong><\/td>\n<\/tr>\n<tr class=\"row-12\">\n\t<td colspan=\"2\" class=\"column-1\"><center><hr><\/center><\/td>\n<\/tr>\n<tr class=\"row-13\">\n\t<td class=\"column-1\"><a href=\"http:\/\/www.bestchange.ru\" target=\"_blank\" rel=\"noopener noreferrer\"><img decoding=\"async\" src=\"\/images\/bt-bestchange.png\" width=\"40\"><\/td><td class=\"column-2\">BestChange<br>\u0412\u044b\u0431\u043e\u0440 \u043e\u0431\u043c\u0435\u043d\u043d\u0438\u043a\u043e\u0432<\/td>\n<\/tr>\n<tr class=\"row-14\">\n\t<td class=\"column-1\"><a href=\"http:\/\/www.tinkoff.ru\/cardtocard\" target=\"_blank\" rel=\"noopener noreferrer\"><img decoding=\"async\" src=\"\/images\/bt-tinkoff.svg\" width=\"40\"><\/a><\/td><td class=\"column-2\">\u041f\u0435\u0440\u0435\u0432\u043e\u0434 \u0441 \u043a\u0430\u0440\u0442\u044b \u043d\u0430 \u043a\u0430\u0440\u0442\u0443 (\u0434\u043b\u044f \u043a\u0430\u0440\u0442\u044b Visa \u0421\u0431\u0435\u0440\u0431\u0430\u043d\u043a\u0430)<\/td>\n<\/tr>\n<tr class=\"row-15\">\n\t<td class=\"column-1\"><a href=\"https:\/\/paysend.com\/en-en\/send-money\/from-germany-to-belarus?fromCurrId=978&amp;toCurrId=840\" target=\"_blank\" rel=\"noopener noreferrer\"><img decoding=\"async\" src=\"\/images\/bt-paysend.png\" width=\"40\"><\/a><\/td><td class=\"column-2\">\u041f\u0435\u0440\u0435\u0432\u043e\u0434 \u0441 \u043a\u0430\u0440\u0442\u044b \u043d\u0430 \u043a\u0430\u0440\u0442\u0443 \u0432 USD (\u0434\u043b\u044f MTBank Mastercard)<\/td>\n<\/tr>\n<\/tbody>\n<\/table>\n<!-- #tablepress-1 from cache -->\n<\/div>\n<p><\/center><\/p>\n\n\n\n<p>Wenn Sie einen Zugangscode haben, aber die Systemaktualisierung nicht gefunden wird, \u00fcberpr\u00fcfen Sie die Richtigkeit des eingegebenen Codes. Oder <a href=\"https:\/\/hal9k.ru\/?page_id=22\">mailen<\/a> Sie mir.<\/p>\n\n\n\n<p>Moglicherweise wird es in Zukunft eine weitere kostenlose Version, wenn eine neue Version der firmware erscheint und ich beschlie\u00dfe, dies zu tun. Aber ich kann es nicht mit Sicherheit versprechen.<\/p>\n","protected":false},"excerpt":{"rendered":"<p>Hallo!Ich freue mich, Dich auf meiner Seite begr\u00fc\u00dfen zu d\u00fcrfen. Vielen Dank f\u00fcr Dein Interesse an meinem Mod.Danke, dass Du meinen Mod installiert hast und&hellip;<\/p>\n","protected":false},"author":1,"featured_media":0,"parent":0,"menu_order":0,"comment_status":"closed","ping_status":"closed","template":"","meta":{"footnotes":""},"class_list":["post-5","page","type-page","status-publish","hentry"],"_links":{"self":[{"href":"https:\/\/hal9k.ru\/index.php?rest_route=\/wp\/v2\/pages\/5","targetHints":{"allow":["GET"]}}],"collection":[{"href":"https:\/\/hal9k.ru\/index.php?rest_route=\/wp\/v2\/pages"}],"about":[{"href":"https:\/\/hal9k.ru\/index.php?rest_route=\/wp\/v2\/types\/page"}],"author":[{"embeddable":true,"href":"https:\/\/hal9k.ru\/index.php?rest_route=\/wp\/v2\/users\/1"}],"replies":[{"embeddable":true,"href":"https:\/\/hal9k.ru\/index.php?rest_route=%2Fwp%2Fv2%2Fcomments&post=5"}],"version-history":[{"count":0,"href":"https:\/\/hal9k.ru\/index.php?rest_route=\/wp\/v2\/pages\/5\/revisions"}],"wp:attachment":[{"href":"https:\/\/hal9k.ru\/index.php?rest_route=%2Fwp%2Fv2%2Fmedia&parent=5"}],"curies":[{"name":"wp","href":"https:\/\/api.w.org\/{rel}","templated":true}]}}