{"id":12,"date":"2019-06-18T11:29:15","date_gmt":"2019-06-18T08:29:15","guid":{"rendered":"http:\/\/hal9k.ru\/?page_id=12"},"modified":"2025-11-04T20:22:21","modified_gmt":"2025-11-04T17:22:21","slug":"mod-installer-pro-2-3","status":"publish","type":"page","link":"https:\/\/hal9k.ru\/?page_id=12&lang=de","title":{"rendered":"Mod Installer Pro 2 (3 f\u00fcr PX6)"},"content":{"rendered":"\n<div class=\"wp-block-columns has-2-columns is-layout-flex wp-container-core-columns-is-layout-9d6595d7 wp-block-columns-is-layout-flex\">\n<div class=\"wp-block-column is-layout-flow wp-block-column-is-layout-flow\">\n<figure class=\"wp-block-image\"><a href=\"https:\/\/hal9k.ru\/wp-content\/uploads\/2020\/06\/ModInstallerPro_en.png\"><img loading=\"lazy\" decoding=\"async\" width=\"1024\" height=\"600\" src=\"https:\/\/hal9k.ru\/wp-content\/uploads\/2020\/06\/ModInstallerPro_en.png\" alt=\"\" class=\"wp-image-219\" srcset=\"https:\/\/hal9k.ru\/wp-content\/uploads\/2020\/06\/ModInstallerPro_en.png 1024w, https:\/\/hal9k.ru\/wp-content\/uploads\/2020\/06\/ModInstallerPro_en-300x176.png 300w, https:\/\/hal9k.ru\/wp-content\/uploads\/2020\/06\/ModInstallerPro_en-768x450.png 768w\" sizes=\"auto, (max-width: 1024px) 100vw, 1024px\" \/><\/a><\/figure>\n<\/div>\n\n\n\n<div class=\"wp-block-column is-layout-flow wp-block-column-is-layout-flow\">\n<p>Diese Anwendung wurde f\u00fcr die einfache Installation von Android 11 (nur PX6), 10, 9, 8 oder 6 (f\u00fcr PX5) auf einem beliebigen Android Radio auf der <strong>MTCx oder HCTx-Plattform mit einem PX6 (rk3399), PX5 (rk33<strong>68<\/strong>) und PX30 (rk3326) Prozessor entwickelt<\/strong>. Damit k\u00f6nnen Sie jede kompatible Werks-Firmware installieren oder auch beispielsweise auch meinen <a href=\"https:\/\/hal9k.ru\/?page_id=5\">Hal9k Mod<\/a>.<br>F\u00fcr die Aktualisierung ist kein &#171;GPS\/MAP&#187;-Steckplatz zum Booten des Android Radios von der SD-Karte erforderlich.<\/p>\n<\/div>\n<\/div>\n\n\n\n<p>Die Anwendung wurde auf verschiedenen Typen von MTCx und HCTx-Ger\u00e4ten getestet und hat sich als stabil erwiesen. Allerdings ist jedes Flashen der Firmware auf einem Android Radio ein potentiell gef\u00e4hrlicher Vorgang.<br>Dies gilt vor allem f\u00fcr die Ger\u00e4te auf denen Android 6 ab Werk installiert wurde. <span style=\"color:red\">Daher wird die Anwendung auf einer &#171;as is&#187;-Basis zur Verf\u00fcgung gestellt. Der Autor ist nicht verantwortlich f\u00fcr m\u00f6gliche negative Folgen.<\/span><br>Es kann vorkommen, dass eine neuere Firmware nicht alle Funktionen eines, besonders \u00e4lteren Ger\u00e4tes, unterst\u00fctzt. <br>Ich bitte Sie daher, den n\u00e4chsten Abschnitt vor dem Kauf der Anwendung sorgf\u00e4ltig zu lesen.<\/p>\n\n\n\n<p><strong>Einschr\u00e4nkungen<\/strong><br>Das Bluetooth-Modul <strong>MD725<\/strong> Typ 2 funktioniert unter Android 6, aber nicht unter Android 8 und 9.<br><strong>Unter Android 10 und 11 funktioniert derzeit kein Typ des Bluetooth-Moduls MD725.<\/strong><br>So finden Sie heraus welchen Typ vom MD725 in Ihrem Ger\u00e4t verbaut ist: Auf der ersten Seite der Werkseinstellungen ist beim Punkt BT das MD725 ausgew\u00e4hlt. In einer <a href=\"https:\/\/play.google.com\/store\/apps\/details?id=com.termux\">Terminal App<\/a> den Befehl <strong>getprop bt.md725.type<\/strong> ausf\u00fchren. Als Antwort bekommt man den Typ 1 oder 2.<br>L\u00f6sung: Installieren Sie ein neues Bluetooth-Modul. Das Modul gibt es bei <a href=\"https:\/\/magnitolog.ru\/glavnaya\/magazin\/%D0%BA%D0%BE%D0%BC%D0%BF%D0%BB%D0%B5%D0%BA%D1%82%D1%83%D1%8E%D1%89%D0%B8%D0%B5\">magnitolog.ru<\/a> oder auf <a href=\"https:\/\/aliexpress.com\/item\/4001003523308.html\">AliExpress<\/a>.<br><br>Das Bluetooth-Modul <strong>SD-968<\/strong> mit einer Firmware, die im M\u00e4rz 2017 oder fr\u00fcher hergestellt wurde, funktioniert in Android 8, aber nicht in Android 9, 10 und 11.<br>So finden Sie heraus, dass Sie ein solches Modul besitzen: Auf der ersten Seite der Werkseinstellungen ist beim Punkt BT das SD-968 ausgew\u00e4hlt. Der Befehl in der <a href=\"https:\/\/play.google.com\/store\/apps\/details?id=com.termux\">Terminal App<\/a> <strong>logcat -d | grep wind_log<\/strong> muss unmittelbar nach dem Neustart des Ger\u00e4ts ausgef\u00fchrt werden. Als antwortet erh\u00e4lt &#171;<strong>verison: Mar 31 2017<\/strong>&#171;.<br>Ein Modul mit einer Firmware, die im August 2017 oder sp\u00e4ter hergestellt wurde, wird in Android 9, 10 und 11 funktionieren.<br>L\u00f6sung: Ersetzen Sie den Modultreiber durch die alte Version (<a href=\"https:\/\/hal9k.ru\/mtcdmod\/sdsdk968.rar\">Link<\/a>) oder ersetzen Sie das Modul durch ein anderes.<br><br>Dar\u00fcber hinaus kann es andere Inkompatibilit\u00e4ten mit neueren Firmware-Versionen mit Ihrem Android Radio geben, die mir m\u00f6glicherweise nicht bekannt sind. Diese Anwendung ist nur ein Werkzeug zur einfachen und stressfreien Installation der Firmware.<\/p>\n\n\n\n<p><strong>Wie erh\u00e4lt man die Anwendung?<\/strong><br>Stellen Sie sicher, dass Ihr Ger\u00e4t auf einer <strong>MTCx oder HCTx<\/strong>-Plattform aufgebaut ist. Die MCU-Version muss mit den Buchstaben <strong>MTCD, MTCE, MTCP, MTCH, HCTG<\/strong> beginnen.<br>Vergewissern Sie sich, dass Sie zu jeder Zeit in den Recovery Modus gelangen k\u00f6nnen. Dies ist nicht notwendig, aber sehr w\u00fcnschenswert und kann im Fall der F\u00e4lle hilfreich sein.<\/p>\n\n\n\n<p>Wenn Sie sich nicht sicher sind, dass Ihr Ger\u00e4t auf der <strong>MTCx oder HCTx<\/strong>-Plattform aufgebaut ist, schicken Sie mir diese Screenshots: <a href=\"https:\/\/hal9k.ru\/?page_id=22\" data-type=\"page\">Kontaktieren<\/a><\/p>\n\n\n\n<div class=\"wp-block-columns has-2-columns is-layout-flex wp-container-core-columns-is-layout-9d6595d7 wp-block-columns-is-layout-flex\">\n<div class=\"wp-block-column is-layout-flow wp-block-column-is-layout-flow\"><div class=\"wp-block-image\">\n<figure class=\"aligncenter\"><a href=\"https:\/\/hal9k.ru\/wp-content\/uploads\/2019\/06\/6info1.png\"><img loading=\"lazy\" decoding=\"async\" width=\"300\" height=\"176\" src=\"https:\/\/hal9k.ru\/wp-content\/uploads\/2019\/06\/6info1-300x176.png\" alt=\"\" class=\"wp-image-154\" srcset=\"https:\/\/hal9k.ru\/wp-content\/uploads\/2019\/06\/6info1-300x176.png 300w, https:\/\/hal9k.ru\/wp-content\/uploads\/2019\/06\/6info1-768x450.png 768w, https:\/\/hal9k.ru\/wp-content\/uploads\/2019\/06\/6info1.png 1024w\" sizes=\"auto, (max-width: 300px) 100vw, 300px\" \/><\/a><\/figure>\n<\/div><\/div>\n\n\n\n<div class=\"wp-block-column is-layout-flow wp-block-column-is-layout-flow\"><div class=\"wp-block-image\">\n<figure class=\"aligncenter\"><a href=\"https:\/\/hal9k.ru\/wp-content\/uploads\/2019\/06\/6info2.png\"><img loading=\"lazy\" decoding=\"async\" width=\"300\" height=\"176\" src=\"https:\/\/hal9k.ru\/wp-content\/uploads\/2019\/06\/6info2-300x176.png\" alt=\"\" class=\"wp-image-155\" srcset=\"https:\/\/hal9k.ru\/wp-content\/uploads\/2019\/06\/6info2-300x176.png 300w, https:\/\/hal9k.ru\/wp-content\/uploads\/2019\/06\/6info2-768x450.png 768w, https:\/\/hal9k.ru\/wp-content\/uploads\/2019\/06\/6info2.png 1024w\" sizes=\"auto, (max-width: 300px) 100vw, 300px\" \/><\/a><\/figure>\n<\/div><\/div>\n<\/div>\n\n\n\n<p>Die richtige Seriennummer befindet sich in den Einstellungen &#8212; System &#8212; \u00dcber das Tablet. Wenn Ihr PX5 Android Radio \u00fcber eine sehr alte Firmware mit Android 6 oder Android 8 verf\u00fcgt, die vor 2018 ver\u00f6ffentlicht wurde, m\u00fcssen Sie zun\u00e4chst die neueste Firmware des Herstellers HCT installieren. Herunterladen: <a href=\"\/library\/RockChip%20PX5%20Android%206.1\/HCT\/HCT_PX5_6.0(20180125).7z\">F\u00fcr Android 6<\/a>. <a href=\"\/library\/RockChip%20PX5%20Android%208.0\/HCT\/HCT_PX5_8.0_ota(20181225).7z\">F\u00fcr Android 8<\/a>.<br>Wenn Sie eine alte Firmware von Android 9 auf Ihrem Ger\u00e4t installiert haben und Sie die Seriennummer nicht finden k\u00f6nnen, aktualisieren Sie die Firmware oder versuchen Sie, die Seriennummer zu finden in dieser Anwendung: <a rel=\"noopener noreferrer\" href=\"https:\/\/play.google.com\/store\/apps\/details?id=ru.andr7e.deviceinfohw\" target=\"_blank\">Device Info HW<\/a> auf der Seite &#171;System&#187;.<\/p>\n\n\n\n<p>Zahlen Sie den erforderlichen Betrag auf eine der unten aufgef\u00fchrten Arten. Als Antwort darauf werde ich Ihnen im Laufe <strong>eines Tages<\/strong> ein gro\u00dfes Dankesch\u00f6n und einen Link schicken, \u00fcber den Sie die Anwendung herunterladen k\u00f6nnen. Die Anwendung ist so konzipiert, dass sie nur auf dem Ger\u00e4t funktioniert, dessen Seriennummer Sie bei der Bezahlung angegeben haben. <a href=\"https:\/\/hal9k.ru\/?page_id=5\">OTA-Updates f\u00fcr Hal9k Mod<\/a> sind ein eigenst\u00e4ndiges Produkt und m\u00fcssen separat erworben werden.<br>Wenn Sie bereits eine fr\u00fchere Version des Modinstaller Pro erworben haben, k\u00f6nnen Sie einen Rabatt von 30% in Anspruch nehmen, um eine neue Version f\u00fcr <strong>dieselbe Seriennummer<\/strong> zu erwerben.<br>Wenn Sie die Vorg\u00e4ngerversion des Modinstaller Pro im Juni 2020 gekauft haben, k\u00f6nnen Sie eine neue Version f\u00fcr <strong>dieselbe Seriennummer<\/strong> kostenlos erhalten.<\/p>\n\n\n\n<p>Kosten: <strong>850 Rubel<\/strong> (bei Zahlung in Rubel) oder <strong>16 Euro<\/strong> (600 Rubel oder 11 Euro mit einem Rabatt) oder den Gegenwert in einer anderen W\u00e4hrung. <strong>Wenn das Zahlungssystem seine Geb\u00fchr vom \u00dcberweisungsbetrag erhebt, erh\u00f6hen Sie den \u00dcberweisungsbetrag um den Geb\u00fchrenbetrag.<\/strong><\/p>\n\n\n\n<script> const product = \"Mod Installer Pro 2\"; <\/script>\n\n\n\n<br>\n<center><h5>Can I take advantage of the discount?<\/h5><\/center>\n<center><div style=\"display: inline-block\"><form id=\"ppform\"><fieldset>\n<input type=\"hidden\" name=\"item_name\" id=\"item_name\">\n<table>\n<tr><td><input type=\"hidden\" name=\"on1\" value=\"Processor type\">Processor type<\/td><\/tr><tr><td><select name=\"os1\" id=\"os1\">\n\t<option value=\"PX5\">PX5 <\/option>\n\t<option value=\"PX6\">PX6 <\/option>\n\t<option value=\"PX30\">PX30 <\/option>\n<\/select> <\/td><\/tr>\n<tr><td><input type=\"hidden\" name=\"on2\" value=\"Serial number\">Serial number<\/td><\/tr><tr><td><input type=\"text\" name=\"os2\" id=\"os2\" maxlength=\"16\" required pattern=\"[7CcDd][0-9A-Fa-f]{15}\" placeholder=\"7(C,D)XXXXXXXXXXXXXXX\"><\/td><\/tr>\n<input type=\"hidden\" name=\"os0\" id=\"os0\" value=\"30 %\">\n<tr><td><center><input type=\"submit\" value=\"Check\"><\/center><\/td><\/tr>\n<\/table>\n<\/fieldset><\/form><\/center>\n<script type=\"text\/javascript\" src=\"\/wp-content\/plugins\/hal9k-plugin\/check-discount.js?1\"><\/script>\n<br>\n\n\n\n<pre class=\"wp-block-preformatted\">Senden Sie mir auf jeden Fall eine Nachricht mit einer <a href=\"https:\/\/hal9k.ru\/?page_id=22&amp;lang=de\" data-type=\"page\" data-id=\"22\">dieser Methoden<\/a>. Es muss folgende Daten enthalten:\n  \u2022 Welches Produkt Sie kaufen m\u00f6chten (ModInstaller Pro oder OTA Updates)\n  \u2022 Ger\u00e4teprozessortyp (PX5, PX6, PX30)\n  \u2022 Seriennummer der Ger\u00e4te\n  \u2022 Die von Ihnen verwendete Zahlungsmethode\n  \u2022 Datum und Uhrzeit der Zahlung\n  \u2022 Zahlungsbetrag\n  \u2022 TxID, im Falle einer Zahlung in Kryptow\u00e4hrung\n  \u2022 Andere Zahlungsdaten, die dazu beitragen, sie zu identifizieren (zum Beispiel ein Screenshot)\n<strong>Schreiben Sie in die Kommentare zur Zahlung nur die Seriennummer und Ihre E-Mail.<\/strong><\/pre>\n\n\n\n<center><h3><h id=\"targets-txt\"><\/h>: payment methods<\/h3><\/center>\n<script> document.getElementById('targets-txt').innerText = product; <\/script>\n\n\n<p><center><\/p>\n<div style=\"display: inline-block\">\n\n<table id=\"tablepress-1\" class=\"tablepress tablepress-id-1 tbody-has-connected-cells\">\n<tbody>\n<tr class=\"row-1\">\n\t<td class=\"column-1\"><img decoding=\"async\" src=\"\/images\/bt-paypal.png\" width=\"40\"><\/td><td class=\"column-2\"><s>Paypal<\/s><\/td>\n<\/tr>\n<tr class=\"row-2\">\n\t<td class=\"column-1\"><a href=\"https:\/\/t.me\/wallet\" target=\"_blank\" rel=\"noopener noreferrer\"><img decoding=\"async\" src=\"\/images\/bt-tgwallet.png\" width=\"40\"><\/a><\/td><td class=\"column-2\">Telegram Wallet<\/td>\n<\/tr>\n<tr class=\"row-3\">\n\t<td class=\"column-1\"><a href=\"https:\/\/yoomoney.ru\/to\/410011217037568\" target=\"_blank\" rel=\"noopener noreferrer\"><img decoding=\"async\" src=\"\/images\/bt-yoomoney.png\" width=\"40\"><\/a><\/td><td class=\"column-2\">\u042eMoney<\/td>\n<\/tr>\n<tr class=\"row-4\">\n\t<td class=\"column-1\"><a href=\"http:\/\/wallet.advcash.com\" target=\"_blank\" rel=\"noopener noreferrer\"><img decoding=\"async\" src=\"\/images\/bt-advcash.svg\" width=\"40\"><\/a><\/td><td class=\"column-2\">Volet (Advanced Cash) \u043a\u043e\u0448\u0435\u043b\u0451\u043a:<br><strong>E978083579185<\/strong><\/td>\n<\/tr>\n<tr class=\"row-5\">\n\t<td class=\"column-1\"><a href=\"http:\/\/accounts.binance.com\" target=\"_blank\" rel=\"noopener noreferrer\"><img decoding=\"async\" src=\"\/images\/bt-binance.svg\" width=\"40\"><\/a><\/td><td class=\"column-2\">Binance Pay ID (\u043f\u0440\u0435\u0434\u043f\u043e\u0447\u0442\u0438\u0442\u0435\u043b\u044c\u043d\u043e \u0441\u0442\u0435\u0439\u0431\u043b\u043a\u043e\u0439\u043d\u044b):<br><strong>418747022<\/strong><\/td>\n<\/tr>\n<tr class=\"row-6\">\n\t<td class=\"column-1\"><img decoding=\"async\" src=\"\/images\/bt-bitcoin.svg\" width=\"40\"><\/td><td class=\"column-2\">Bitcoin \u043a\u043e\u0448\u0435\u043b\u0451\u043a:<br><sub><strong>1Cjw1ctzJQez7tV7hQD8BXLvMxKVLwFSvY<\/strong><\/sub><\/td>\n<\/tr>\n<tr class=\"row-7\">\n\t<td class=\"column-1\"><img decoding=\"async\" src=\"\/images\/bt-ethereum.svg\" width=\"40\"><\/td><td class=\"column-2\">Ethereum \u043a\u043e\u0448\u0435\u043b\u0451\u043a:<br><sub><strong>0x5832477cb51a5eed3b86af5ddc13209145136860<\/strong><\/sub><\/td>\n<\/tr>\n<tr class=\"row-8\">\n\t<td class=\"column-1\"><img decoding=\"async\" src=\"\/images\/bt-tetherus.png\" width=\"40\"><\/td><td class=\"column-2\">TetherUS (USDT BEP20) \u043a\u043e\u0448\u0435\u043b\u0451\u043a:<br><sub><strong>0x5832477cb51a5eed3b86af5ddc13209145136860<\/strong><\/sub><\/td>\n<\/tr>\n<tr class=\"row-9\">\n\t<td class=\"column-1\"><a href=\"http:\/\/www.webmoney.ru\" target=\"_blank\" rel=\"noopener noreferrer\"><img decoding=\"async\" src=\"\/images\/bt-webmoney.svg\" width=\"40\"<\/a><\/td><td class=\"column-2\">WebMoney \u043a\u043e\u0448\u0435\u043b\u0451\u043a:<br><strong>E157400928709<\/strong><br><strong>Z147730479874<\/strong><\/td>\n<\/tr>\n<tr class=\"row-10\">\n\t<td class=\"column-1\"><a href=\"http:\/\/online.sberbank.ru\" target=\"_blank\" rel=\"noopener noreferrer\"><img decoding=\"async\" src=\"\/images\/bt-sber.svg\" width=\"40\"><\/a><\/td><td class=\"column-2\">\u041a\u0430\u0440\u0442\u0430 Visa \u0421\u0431\u0435\u0440\u0431\u0430\u043d\u043a\u0430 (\u0440\u0430\u0431\u043e\u0442\u0430\u0435\u0442 \u0432 \u0420\u043e\u0441\u0441\u0438\u0438):<br><strong>4173980085583637<\/strong><\/td>\n<\/tr>\n<tr class=\"row-11\">\n\t<td class=\"column-1\"><a href=\"https:\/\/www.mtbank.by\/services\/internet-bank\/\" target=\"_blank\" rel=\"noopener noreferrer\"><img decoding=\"async\" src=\"\/images\/bt-mtbank.png\" width=\"50\"><\/a><\/td><td class=\"column-2\">\u041c\u0422\u0411\u0430\u043d\u043a Mastercard (\u0432\u044b\u043f\u0443\u0449\u0435\u043d\u0430 \u0432 \u0411\u0435\u043b\u043e\u0440\u0443\u0441\u0441\u0438\u0438, \u0440\u0430\u0431\u043e\u0442\u0430\u0435\u0442 \u0432 \u0434\u0440\u0443\u0433\u0438\u0445 \u0441\u0442\u0440\u0430\u043d\u0430\u0445):<br><strong>5548320015604564<\/strong><br \/>\n<strong>Aleksei Ivanovich<\/strong><\/td>\n<\/tr>\n<tr class=\"row-12\">\n\t<td colspan=\"2\" class=\"column-1\"><center><hr><\/center><\/td>\n<\/tr>\n<tr class=\"row-13\">\n\t<td class=\"column-1\"><a href=\"http:\/\/www.bestchange.ru\" target=\"_blank\" rel=\"noopener noreferrer\"><img decoding=\"async\" src=\"\/images\/bt-bestchange.png\" width=\"40\"><\/td><td class=\"column-2\">BestChange<br>\u0412\u044b\u0431\u043e\u0440 \u043e\u0431\u043c\u0435\u043d\u043d\u0438\u043a\u043e\u0432<\/td>\n<\/tr>\n<tr class=\"row-14\">\n\t<td class=\"column-1\"><a href=\"http:\/\/www.tinkoff.ru\/cardtocard\" target=\"_blank\" rel=\"noopener noreferrer\"><img decoding=\"async\" src=\"\/images\/bt-tinkoff.svg\" width=\"40\"><\/a><\/td><td class=\"column-2\">\u041f\u0435\u0440\u0435\u0432\u043e\u0434 \u0441 \u043a\u0430\u0440\u0442\u044b \u043d\u0430 \u043a\u0430\u0440\u0442\u0443 (\u0434\u043b\u044f \u043a\u0430\u0440\u0442\u044b Visa \u0421\u0431\u0435\u0440\u0431\u0430\u043d\u043a\u0430)<\/td>\n<\/tr>\n<tr class=\"row-15\">\n\t<td class=\"column-1\"><a href=\"https:\/\/paysend.com\/en-en\/send-money\/from-germany-to-belarus?fromCurrId=978&amp;toCurrId=840\" target=\"_blank\" rel=\"noopener noreferrer\"><img decoding=\"async\" src=\"\/images\/bt-paysend.png\" width=\"40\"><\/a><\/td><td class=\"column-2\">\u041f\u0435\u0440\u0435\u0432\u043e\u0434 \u0441 \u043a\u0430\u0440\u0442\u044b \u043d\u0430 \u043a\u0430\u0440\u0442\u0443 \u0432 USD (\u0434\u043b\u044f MTBank Mastercard)<\/td>\n<\/tr>\n<\/tbody>\n<\/table>\n<!-- #tablepress-1 from cache -->\n<\/div>\n<p><\/center><\/p>\n\n\n\n<p class=\"has-normal-font-size\"><strong>Wie benutze ich die Anwendung?<\/strong><br><\/p>\n\n\n\n<ul class=\"wp-block-list\">\n<li>Stellen Sie sicher, dass auf dem Ger\u00e4t die werkseitige Firmware oder der Hal9k Mod installiert ist.<\/li>\n\n\n\n<li>F\u00fchren Sie eine Werksr\u00fcckstellung in der Anwendung Settings oder Wipe data\/factory reset im Wiederherstellungsmodus durch.<\/li>\n\n\n\n<li>Installieren Sie die Anwendung ModInstallerPro.apk und f\u00fchren Sie sie aus.<\/li>\n\n\n\n<li>Entfernen Sie alle SD-Karten und trennen Sie alle USB-Sticks vom Ger\u00e4t.<\/li>\n\n\n\n<li>W\u00e4hlen Sie die gew\u00fcnschte Version von Android und klicken Sie auf &#171;INSTALL&#187;.<\/li>\n\n\n\n<li>Android 6 fragt dann: &#171;USB-Debugging zulassen&#187;. Beantworten Sie die Frage mit OK.<\/li>\n\n\n\n<li>Wenn Hal9k Mod auf Ihrem Hauptger\u00e4t installiert ist, erlauben Sie der Anwendung, Root-Rechte zu verwenden.<\/li>\n\n\n\n<li>Das Ger\u00e4t wird in den Recovery Modus der von Ihnen ausgew\u00e4hlten Android-Version neu gestartet.<\/li>\n\n\n\n<li>Eine Installation der Recovery kann bis zu 10 Minuten dauern. Seien Sie geduldig. Schalten Sie die Ger\u00e4t nicht aus und starten Sie es nicht neu. Falls sich Ihr Android Radio automatisch nach 10 Minuten ausgeschaltet, so schalten Sie die Z\u00fcndung ein oder starten Sie den Motor.<\/li>\n\n\n\n<li>Schlie\u00dfen Sie einen USB Stick mit einer zur Recovery passenden Firmware der von Ihnen gew\u00e4hlten Android-Version an und installieren Sie die Firmware \u00fcber den Punkt &#171;Apply update system&#187; oder &#171;Apply system image&#187;.<br>Stellen Sie sicher, dass das Update.zip, das Sie installieren, ist f\u00fcr dieselbe Android-Version wie die soeben installierte Wiederherstellung.<br><strong><a href=\"https:\/\/hal9k.ru\/?page_id=5\">Hal9k Mod<\/a><\/strong><br><a href=\"\/library\">Sammlung verschiedener Firmware-Versionen<\/a><\/li>\n\n\n\n<li>Die Firmware (update.zip, update.img) kann sofort nach dem Booten der neuen Recovery installiert werden. Das Ger\u00e4t muss nicht neu neugestartet werden.<\/li>\n<\/ul>\n\n\n\n<strong><\/strong><center><strong>Video-Anleitung von<\/strong><\/center>\n<p align=\"center\"><a href=\"https:\/\/www.youtube.com\/watch?v=UIJFJYh2y4A\" target=\"_blank\" rel=\"noopener\"><img decoding=\"async\" src=\"https:\/\/hal9k.ru\/wp-content\/uploads\/2021\/08\/AlexLogo.png\" alt=\"\"><\/a><\/p>\n\n\n\n<p>Die Anwendung enth\u00e4lt die Mod-Installer-Funktionalit\u00e4t. Wenn Sie also die gleiche Version von Android wie auf dem Ger\u00e4t ausw\u00e4hlen, wird nur die Recovery installiert, wodurch Sie Hal9k Mod installieren k\u00f6nnen.<\/p>\n","protected":false},"excerpt":{"rendered":"<p>Diese Anwendung wurde f\u00fcr die einfache Installation von Android 11 (nur PX6), 10, 9, 8 oder 6 (f\u00fcr PX5) auf einem beliebigen Android Radio auf&hellip;<\/p>\n","protected":false},"author":1,"featured_media":0,"parent":0,"menu_order":0,"comment_status":"closed","ping_status":"closed","template":"","meta":{"footnotes":""},"class_list":["post-12","page","type-page","status-publish","hentry"],"_links":{"self":[{"href":"https:\/\/hal9k.ru\/index.php?rest_route=\/wp\/v2\/pages\/12","targetHints":{"allow":["GET"]}}],"collection":[{"href":"https:\/\/hal9k.ru\/index.php?rest_route=\/wp\/v2\/pages"}],"about":[{"href":"https:\/\/hal9k.ru\/index.php?rest_route=\/wp\/v2\/types\/page"}],"author":[{"embeddable":true,"href":"https:\/\/hal9k.ru\/index.php?rest_route=\/wp\/v2\/users\/1"}],"replies":[{"embeddable":true,"href":"https:\/\/hal9k.ru\/index.php?rest_route=%2Fwp%2Fv2%2Fcomments&post=12"}],"version-history":[{"count":0,"href":"https:\/\/hal9k.ru\/index.php?rest_route=\/wp\/v2\/pages\/12\/revisions"}],"wp:attachment":[{"href":"https:\/\/hal9k.ru\/index.php?rest_route=%2Fwp%2Fv2%2Fmedia&parent=12"}],"curies":[{"name":"wp","href":"https:\/\/api.w.org\/{rel}","templated":true}]}}